{"id":2980,"date":"2024-03-26T10:52:21","date_gmt":"2024-03-26T10:52:21","guid":{"rendered":"https:\/\/chateauvillarlong.com\/?post_type=product&#038;p=2980"},"modified":"2024-03-26T10:52:50","modified_gmt":"2024-03-26T10:52:50","slug":"dejeuner-de-paques-et-chasse-aux-oeufs","status":"publish","type":"product","link":"https:\/\/chateauvillarlong.com\/de\/produkt\/dejeuner-de-paques-et-chasse-aux-oeufs\/","title":{"rendered":"D\u00e9jeuner de P\u00e2ques et chasse aux \u0153ufs"},"content":{"rendered":"<p>Venez d\u00e9jeuner au ch\u00e2teau le dimanche et le lundi de P\u00e2ques, avec un menu sp\u00e9cial \u00e0 50 euros et un verre de blanquette de bienvenue. Sans oublier un menu enfant \u00e0 10 \u20ac et une chasse aux \u0153ufs en chocolat dans le parc du ch\u00e2teau.<\/p>\n<p>Nous nous r\u00e9jouissons de vous y voir tous.<\/p>\n<p><img fetchpriority=\"high\" decoding=\"async\" class=\"alignnone size-medium wp-image-2975\" src=\"https:\/\/chateauvillarlong.com\/wp-content\/uploads\/2024\/03\/menupaques-212x300.jpg\" alt=\"\" width=\"212\" height=\"300\" srcset=\"https:\/\/chateauvillarlong.com\/wp-content\/uploads\/2024\/03\/menupaques-212x300.jpg 212w, https:\/\/chateauvillarlong.com\/wp-content\/uploads\/2024\/03\/menupaques-724x1024.jpg 724w, https:\/\/chateauvillarlong.com\/wp-content\/uploads\/2024\/03\/menupaques-768x1086.jpg 768w, https:\/\/chateauvillarlong.com\/wp-content\/uploads\/2024\/03\/menupaques-1086x1536.jpg 1086w, https:\/\/chateauvillarlong.com\/wp-content\/uploads\/2024\/03\/menupaques-8x12.jpg 8w, https:\/\/chateauvillarlong.com\/wp-content\/uploads\/2024\/03\/menupaques-600x849.jpg 600w, https:\/\/chateauvillarlong.com\/wp-content\/uploads\/2024\/03\/menupaques.jpg 1131w\" sizes=\"(max-width: 212px) 100vw, 212px\" \/><\/p>","protected":false},"excerpt":{"rendered":"<p>Venez d\u00e9jeuner au ch\u00e2teau le dimanche et le lundi de P\u00e2ques, avec un menu sp\u00e9cial \u00e0 50 euros et un verre de blanquette de bienvenue. Sans oublier un menu enfant \u00e0 10 \u20ac et une chasse aux \u0153ufs en chocolat dans le parc du ch\u00e2teau.<\/p>\n<p>Nous nous r\u00e9jouissons de vous y voir tous.<\/p>","protected":false},"featured_media":2975,"comment_status":"open","ping_status":"closed","template":"","meta":[],"product_brand":[],"product_cat":[24],"product_tag":[],"class_list":{"0":"post-2980","1":"product","2":"type-product","3":"status-publish","4":"has-post-thumbnail","6":"product_cat-events","8":"first","9":"instock","10":"virtual","11":"product-type-simple"},"yoast_head":"<!-- This site is optimized with the Yoast SEO plugin v27.5 - https:\/\/yoast.com\/product\/yoast-seo-wordpress\/ -->\n<title>D\u00e9jeuner de P\u00e2ques et chasse aux \u0153ufs - Ch\u00e2teau Villarlong - Majestic ch\u00e2teau in the south of France with 13 flats offering unique and enchanting charm<\/title>\n<meta name=\"robots\" content=\"index, follow, max-snippet:-1, max-image-preview:large, max-video-preview:-1\" \/>\n<link rel=\"canonical\" href=\"https:\/\/chateauvillarlong.com\/de\/produkt\/dejeuner-de-paques-et-chasse-aux-oeufs\/\" \/>\n<meta property=\"og:locale\" content=\"de_DE\" \/>\n<meta property=\"og:type\" content=\"article\" \/>\n<meta property=\"og:title\" content=\"D\u00e9jeuner de P\u00e2ques et chasse aux \u0153ufs - Ch\u00e2teau Villarlong - Majestic ch\u00e2teau in the south of France with 13 flats offering unique and enchanting charm\" \/>\n<meta property=\"og:description\" content=\"Venez d\u00e9jeuner au ch\u00e2teau le dimanche et le lundi de P\u00e2ques, avec un menu sp\u00e9cial \u00e0 50 euros et un verre de blanquette de bienvenue. Sans oublier un menu enfant \u00e0 10 \u20ac et une chasse aux \u0153ufs en chocolat dans le parc du ch\u00e2teau.  Nous nous r\u00e9jouissons de vous y voir tous.\" \/>\n<meta property=\"og:url\" content=\"https:\/\/chateauvillarlong.com\/de\/produkt\/dejeuner-de-paques-et-chasse-aux-oeufs\/\" \/>\n<meta property=\"og:site_name\" content=\"Ch\u00e2teau Villarlong - Majestic ch\u00e2teau in the south of France with 13 flats offering unique and enchanting charm\" \/>\n<meta property=\"article:modified_time\" content=\"2024-03-26T10:52:50+00:00\" \/>\n<meta property=\"og:image\" content=\"https:\/\/chateauvillarlong.com\/wp-content\/uploads\/2024\/03\/menupaques.jpg\" \/>\n\t<meta property=\"og:image:width\" content=\"1131\" \/>\n\t<meta property=\"og:image:height\" content=\"1600\" \/>\n\t<meta property=\"og:image:type\" content=\"image\/jpeg\" \/>\n<meta name=\"twitter:card\" content=\"summary_large_image\" \/>\n<meta name=\"twitter:label1\" content=\"Gesch\u00e4tzte Lesezeit\" \/>\n\t<meta name=\"twitter:data1\" content=\"1\u00a0Minute\" \/>\n<script type=\"application\/ld+json\" class=\"yoast-schema-graph\">{\"@context\":\"https:\\\/\\\/schema.org\",\"@graph\":[{\"@type\":\"WebPage\",\"@id\":\"https:\\\/\\\/chateauvillarlong.com\\\/fr\\\/produit\\\/dejeuner-de-paques-et-chasse-aux-oeufs\\\/\",\"url\":\"https:\\\/\\\/chateauvillarlong.com\\\/fr\\\/produit\\\/dejeuner-de-paques-et-chasse-aux-oeufs\\\/\",\"name\":\"D\u00e9jeuner de P\u00e2ques et chasse aux \u0153ufs - Ch\u00e2teau Villarlong - Majestic ch\u00e2teau in the south of France with 13 flats offering unique and enchanting charm\",\"isPartOf\":{\"@id\":\"https:\\\/\\\/chateauvillarlong.com\\\/#website\"},\"primaryImageOfPage\":{\"@id\":\"https:\\\/\\\/chateauvillarlong.com\\\/fr\\\/produit\\\/dejeuner-de-paques-et-chasse-aux-oeufs\\\/#primaryimage\"},\"image\":{\"@id\":\"https:\\\/\\\/chateauvillarlong.com\\\/fr\\\/produit\\\/dejeuner-de-paques-et-chasse-aux-oeufs\\\/#primaryimage\"},\"thumbnailUrl\":\"https:\\\/\\\/chateauvillarlong.com\\\/wp-content\\\/uploads\\\/2024\\\/03\\\/menupaques.jpg\",\"datePublished\":\"2024-03-26T10:52:21+00:00\",\"dateModified\":\"2024-03-26T10:52:50+00:00\",\"breadcrumb\":{\"@id\":\"https:\\\/\\\/chateauvillarlong.com\\\/fr\\\/produit\\\/dejeuner-de-paques-et-chasse-aux-oeufs\\\/#breadcrumb\"},\"inLanguage\":\"de\",\"potentialAction\":[{\"@type\":\"ReadAction\",\"target\":[\"https:\\\/\\\/chateauvillarlong.com\\\/fr\\\/produit\\\/dejeuner-de-paques-et-chasse-aux-oeufs\\\/\"]}]},{\"@type\":\"ImageObject\",\"inLanguage\":\"de\",\"@id\":\"https:\\\/\\\/chateauvillarlong.com\\\/fr\\\/produit\\\/dejeuner-de-paques-et-chasse-aux-oeufs\\\/#primaryimage\",\"url\":\"https:\\\/\\\/chateauvillarlong.com\\\/wp-content\\\/uploads\\\/2024\\\/03\\\/menupaques.jpg\",\"contentUrl\":\"https:\\\/\\\/chateauvillarlong.com\\\/wp-content\\\/uploads\\\/2024\\\/03\\\/menupaques.jpg\",\"width\":1131,\"height\":1600},{\"@type\":\"BreadcrumbList\",\"@id\":\"https:\\\/\\\/chateauvillarlong.com\\\/fr\\\/produit\\\/dejeuner-de-paques-et-chasse-aux-oeufs\\\/#breadcrumb\",\"itemListElement\":[{\"@type\":\"ListItem\",\"position\":1,\"name\":\"Home\",\"item\":\"https:\\\/\\\/chateauvillarlong.com\\\/\"},{\"@type\":\"ListItem\",\"position\":2,\"name\":\"Shop\",\"item\":\"https:\\\/\\\/chateauvillarlong.com\\\/fr\\\/shop\\\/\"},{\"@type\":\"ListItem\",\"position\":3,\"name\":\"D\u00e9jeuner de P\u00e2ques et chasse aux \u0153ufs\"}]},{\"@type\":\"WebSite\",\"@id\":\"https:\\\/\\\/chateauvillarlong.com\\\/#website\",\"url\":\"https:\\\/\\\/chateauvillarlong.com\\\/\",\"name\":\"Ch\u00e2teau Villarlong - Majestic ch\u00e2teau in the south of France with 13 flats offering unique and enchanting charm\",\"description\":\"In Southern France, our 13 stylish holiday apartments provide a genuine sense of belonging, inviting guests to indulge in the magic of this exceptional destination.\",\"potentialAction\":[{\"@type\":\"SearchAction\",\"target\":{\"@type\":\"EntryPoint\",\"urlTemplate\":\"https:\\\/\\\/chateauvillarlong.com\\\/?s={search_term_string}\"},\"query-input\":{\"@type\":\"PropertyValueSpecification\",\"valueRequired\":true,\"valueName\":\"search_term_string\"}}],\"inLanguage\":\"de\"}]}<\/script>\n<!-- \/ Yoast SEO plugin. -->","yoast_head_json":{"title":"D\u00e9jeuner de P\u00e2ques et chasse aux \u0153ufs - Ch\u00e2teau Villarlong - Majestic ch\u00e2teau in the south of France with 13 flats offering unique and enchanting charm","robots":{"index":"index","follow":"follow","max-snippet":"max-snippet:-1","max-image-preview":"max-image-preview:large","max-video-preview":"max-video-preview:-1"},"canonical":"https:\/\/chateauvillarlong.com\/de\/produkt\/dejeuner-de-paques-et-chasse-aux-oeufs\/","og_locale":"de_DE","og_type":"article","og_title":"D\u00e9jeuner de P\u00e2ques et chasse aux \u0153ufs - Ch\u00e2teau Villarlong - Majestic ch\u00e2teau in the south of France with 13 flats offering unique and enchanting charm","og_description":"Venez d\u00e9jeuner au ch\u00e2teau le dimanche et le lundi de P\u00e2ques, avec un menu sp\u00e9cial \u00e0 50 euros et un verre de blanquette de bienvenue. Sans oublier un menu enfant \u00e0 10 \u20ac et une chasse aux \u0153ufs en chocolat dans le parc du ch\u00e2teau.  Nous nous r\u00e9jouissons de vous y voir tous.","og_url":"https:\/\/chateauvillarlong.com\/de\/produkt\/dejeuner-de-paques-et-chasse-aux-oeufs\/","og_site_name":"Ch\u00e2teau Villarlong - Majestic ch\u00e2teau in the south of France with 13 flats offering unique and enchanting charm","article_modified_time":"2024-03-26T10:52:50+00:00","og_image":[{"width":1131,"height":1600,"url":"https:\/\/chateauvillarlong.com\/wp-content\/uploads\/2024\/03\/menupaques.jpg","type":"image\/jpeg"}],"twitter_card":"summary_large_image","twitter_misc":{"Gesch\u00e4tzte Lesezeit":"1\u00a0Minute"},"schema":{"@context":"https:\/\/schema.org","@graph":[{"@type":"WebPage","@id":"https:\/\/chateauvillarlong.com\/fr\/produit\/dejeuner-de-paques-et-chasse-aux-oeufs\/","url":"https:\/\/chateauvillarlong.com\/fr\/produit\/dejeuner-de-paques-et-chasse-aux-oeufs\/","name":"D\u00e9jeuner de P\u00e2ques et chasse aux \u0153ufs - Ch\u00e2teau Villarlong - Majestic ch\u00e2teau in the south of France with 13 flats offering unique and enchanting charm","isPartOf":{"@id":"https:\/\/chateauvillarlong.com\/#website"},"primaryImageOfPage":{"@id":"https:\/\/chateauvillarlong.com\/fr\/produit\/dejeuner-de-paques-et-chasse-aux-oeufs\/#primaryimage"},"image":{"@id":"https:\/\/chateauvillarlong.com\/fr\/produit\/dejeuner-de-paques-et-chasse-aux-oeufs\/#primaryimage"},"thumbnailUrl":"https:\/\/chateauvillarlong.com\/wp-content\/uploads\/2024\/03\/menupaques.jpg","datePublished":"2024-03-26T10:52:21+00:00","dateModified":"2024-03-26T10:52:50+00:00","breadcrumb":{"@id":"https:\/\/chateauvillarlong.com\/fr\/produit\/dejeuner-de-paques-et-chasse-aux-oeufs\/#breadcrumb"},"inLanguage":"de","potentialAction":[{"@type":"ReadAction","target":["https:\/\/chateauvillarlong.com\/fr\/produit\/dejeuner-de-paques-et-chasse-aux-oeufs\/"]}]},{"@type":"ImageObject","inLanguage":"de","@id":"https:\/\/chateauvillarlong.com\/fr\/produit\/dejeuner-de-paques-et-chasse-aux-oeufs\/#primaryimage","url":"https:\/\/chateauvillarlong.com\/wp-content\/uploads\/2024\/03\/menupaques.jpg","contentUrl":"https:\/\/chateauvillarlong.com\/wp-content\/uploads\/2024\/03\/menupaques.jpg","width":1131,"height":1600},{"@type":"BreadcrumbList","@id":"https:\/\/chateauvillarlong.com\/fr\/produit\/dejeuner-de-paques-et-chasse-aux-oeufs\/#breadcrumb","itemListElement":[{"@type":"ListItem","position":1,"name":"Home","item":"https:\/\/chateauvillarlong.com\/"},{"@type":"ListItem","position":2,"name":"Shop","item":"https:\/\/chateauvillarlong.com\/fr\/shop\/"},{"@type":"ListItem","position":3,"name":"D\u00e9jeuner de P\u00e2ques et chasse aux \u0153ufs"}]},{"@type":"WebSite","@id":"https:\/\/chateauvillarlong.com\/#website","url":"https:\/\/chateauvillarlong.com\/","name":"Ch\u00e2teau Villarlong - Majestic ch\u00e2teau in the south of France with 13 flats offering unique and enchanting charm","description":"In Southern France, our 13 stylish holiday apartments provide a genuine sense of belonging, inviting guests to indulge in the magic of this exceptional destination.","potentialAction":[{"@type":"SearchAction","target":{"@type":"EntryPoint","urlTemplate":"https:\/\/chateauvillarlong.com\/?s={search_term_string}"},"query-input":{"@type":"PropertyValueSpecification","valueRequired":true,"valueName":"search_term_string"}}],"inLanguage":"de"}]}},"_links":{"self":[{"href":"https:\/\/chateauvillarlong.com\/de\/wp-json\/wp\/v2\/product\/2980","targetHints":{"allow":["GET"]}}],"collection":[{"href":"https:\/\/chateauvillarlong.com\/de\/wp-json\/wp\/v2\/product"}],"about":[{"href":"https:\/\/chateauvillarlong.com\/de\/wp-json\/wp\/v2\/types\/product"}],"replies":[{"embeddable":true,"href":"https:\/\/chateauvillarlong.com\/de\/wp-json\/wp\/v2\/comments?post=2980"}],"wp:featuredmedia":[{"embeddable":true,"href":"https:\/\/chateauvillarlong.com\/de\/wp-json\/wp\/v2\/media\/2975"}],"wp:attachment":[{"href":"https:\/\/chateauvillarlong.com\/de\/wp-json\/wp\/v2\/media?parent=2980"}],"wp:term":[{"taxonomy":"product_brand","embeddable":true,"href":"https:\/\/chateauvillarlong.com\/de\/wp-json\/wp\/v2\/product_brand?post=2980"},{"taxonomy":"product_cat","embeddable":true,"href":"https:\/\/chateauvillarlong.com\/de\/wp-json\/wp\/v2\/product_cat?post=2980"},{"taxonomy":"product_tag","embeddable":true,"href":"https:\/\/chateauvillarlong.com\/de\/wp-json\/wp\/v2\/product_tag?post=2980"}],"curies":[{"name":"wp","href":"https:\/\/api.w.org\/{rel}","templated":true}]}}