{"id":3127,"date":"2024-07-23T09:25:57","date_gmt":"2024-07-23T09:25:57","guid":{"rendered":"https:\/\/chateauvillarlong.com\/?post_type=product&#038;p=3127"},"modified":"2024-07-23T10:26:42","modified_gmt":"2024-07-23T10:26:42","slug":"diner-et-spectacle-avec-lord-sax","status":"publish","type":"product","link":"https:\/\/chateauvillarlong.com\/de\/produkt\/diner-et-spectacle-avec-lord-sax\/","title":{"rendered":"D\u00eener et spectacle avec LORD SAX"},"content":{"rendered":"<p>D\u00eener et spectacle avec LORD SAX<\/p>\n<p>Le 12 ao\u00fbt, nous recevons l&#8217;incroyable LORD SAX au Ch\u00e2teau Villarlong. Le d\u00eener et le spectacle sont inclus dans le prix, le tout pour 55 \u20ac !<\/p>\n<p>R\u00e9servez d\u00e8s maintenant par email ou par t\u00e9l\u00e9phone pour vous assurer une place pour cet \u00e9v\u00e9nement passionnant !<\/p>","protected":false},"excerpt":{"rendered":"<p>D\u00eener et spectacle avec LORD SAX<\/p>\n<p>Le 12 ao\u00fbt, nous recevons l&#8217;incroyable LORD SAX au Ch\u00e2teau Villarlong. Le d\u00eener et le spectacle sont inclus dans le prix, le tout pour 55 \u20ac !<\/p>\n<p>R\u00e9servez d\u00e8s maintenant par email ou par t\u00e9l\u00e9phone pour vous assurer une place pour cet \u00e9v\u00e9nement passionnant !<\/p>","protected":false},"featured_media":3123,"comment_status":"open","ping_status":"closed","template":"","meta":[],"product_brand":[],"product_cat":[24],"product_tag":[],"class_list":{"0":"post-3127","1":"product","2":"type-product","3":"status-publish","4":"has-post-thumbnail","6":"product_cat-events","8":"first","9":"instock","10":"shipping-taxable","11":"purchasable","12":"product-type-simple"},"yoast_head":"<!-- This site is optimized with the Yoast SEO plugin v27.5 - https:\/\/yoast.com\/product\/yoast-seo-wordpress\/ -->\n<title>D\u00eener et spectacle avec LORD SAX - Ch\u00e2teau Villarlong - Majestic ch\u00e2teau in the south of France with 13 flats offering unique and enchanting charm<\/title>\n<meta name=\"description\" content=\"D\u00eener et spectacle avec LORD SAX Le 12 ao\u00fbt, nous recevons l&#039;incroyable LORD SAX au Ch\u00e2teau Villarlong. Le d\u00eener et le spectacle sont inclus dans le prix, le tout pour 55 \u20ac !\" \/>\n<meta name=\"robots\" content=\"index, follow, max-snippet:-1, max-image-preview:large, max-video-preview:-1\" \/>\n<link rel=\"canonical\" href=\"https:\/\/chateauvillarlong.com\/de\/produkt\/diner-et-spectacle-avec-lord-sax\/\" \/>\n<meta property=\"og:locale\" content=\"de_DE\" \/>\n<meta property=\"og:type\" content=\"article\" \/>\n<meta property=\"og:title\" content=\"D\u00eener et spectacle avec LORD SAX - Ch\u00e2teau Villarlong - Majestic ch\u00e2teau in the south of France with 13 flats offering unique and enchanting charm\" \/>\n<meta property=\"og:description\" content=\"D\u00eener et spectacle avec LORD SAX Le 12 ao\u00fbt, nous recevons l&#039;incroyable LORD SAX au Ch\u00e2teau Villarlong. Le d\u00eener et le spectacle sont inclus dans le prix, le tout pour 55 \u20ac !\" \/>\n<meta property=\"og:url\" content=\"https:\/\/chateauvillarlong.com\/de\/produkt\/diner-et-spectacle-avec-lord-sax\/\" \/>\n<meta property=\"og:site_name\" content=\"Ch\u00e2teau Villarlong - Majestic ch\u00e2teau in the south of France with 13 flats offering unique and enchanting charm\" \/>\n<meta property=\"article:modified_time\" content=\"2024-07-23T10:26:42+00:00\" \/>\n<meta property=\"og:image\" content=\"https:\/\/chateauvillarlong.com\/wp-content\/uploads\/2024\/07\/sax-jpg.avif\" \/>\n\t<meta property=\"og:image:width\" content=\"1536\" \/>\n\t<meta property=\"og:image:height\" content=\"2048\" \/>\n\t<meta property=\"og:image:type\" content=\"image\/jpeg\" \/>\n<meta name=\"twitter:card\" content=\"summary_large_image\" \/>\n<meta name=\"twitter:label1\" content=\"Gesch\u00e4tzte Lesezeit\" \/>\n\t<meta name=\"twitter:data1\" content=\"1\u00a0Minute\" \/>\n<script type=\"application\/ld+json\" class=\"yoast-schema-graph\">{\"@context\":\"https:\\\/\\\/schema.org\",\"@graph\":[{\"@type\":\"WebPage\",\"@id\":\"https:\\\/\\\/chateauvillarlong.com\\\/product\\\/diner-et-spectacle-avec-lord-sax\\\/\",\"url\":\"https:\\\/\\\/chateauvillarlong.com\\\/product\\\/diner-et-spectacle-avec-lord-sax\\\/\",\"name\":\"D\u00eener et spectacle avec LORD SAX - Ch\u00e2teau Villarlong - Majestic ch\u00e2teau in the south of France with 13 flats offering unique and enchanting charm\",\"isPartOf\":{\"@id\":\"https:\\\/\\\/chateauvillarlong.com\\\/#website\"},\"primaryImageOfPage\":{\"@id\":\"https:\\\/\\\/chateauvillarlong.com\\\/product\\\/diner-et-spectacle-avec-lord-sax\\\/#primaryimage\"},\"image\":{\"@id\":\"https:\\\/\\\/chateauvillarlong.com\\\/product\\\/diner-et-spectacle-avec-lord-sax\\\/#primaryimage\"},\"thumbnailUrl\":\"https:\\\/\\\/chateauvillarlong.com\\\/wp-content\\\/uploads\\\/2024\\\/07\\\/sax-jpg.avif\",\"datePublished\":\"2024-07-23T09:25:57+00:00\",\"dateModified\":\"2024-07-23T10:26:42+00:00\",\"description\":\"D\u00eener et spectacle avec LORD SAX Le 12 ao\u00fbt, nous recevons l'incroyable LORD SAX au Ch\u00e2teau Villarlong. Le d\u00eener et le spectacle sont inclus dans le prix, le tout pour 55 \u20ac !\",\"breadcrumb\":{\"@id\":\"https:\\\/\\\/chateauvillarlong.com\\\/product\\\/diner-et-spectacle-avec-lord-sax\\\/#breadcrumb\"},\"inLanguage\":\"de\",\"potentialAction\":[{\"@type\":\"ReadAction\",\"target\":[\"https:\\\/\\\/chateauvillarlong.com\\\/product\\\/diner-et-spectacle-avec-lord-sax\\\/\"]}]},{\"@type\":\"ImageObject\",\"inLanguage\":\"de\",\"@id\":\"https:\\\/\\\/chateauvillarlong.com\\\/product\\\/diner-et-spectacle-avec-lord-sax\\\/#primaryimage\",\"url\":\"https:\\\/\\\/chateauvillarlong.com\\\/wp-content\\\/uploads\\\/2024\\\/07\\\/sax-jpg.avif\",\"contentUrl\":\"https:\\\/\\\/chateauvillarlong.com\\\/wp-content\\\/uploads\\\/2024\\\/07\\\/sax-jpg.avif\",\"width\":1536,\"height\":2048},{\"@type\":\"BreadcrumbList\",\"@id\":\"https:\\\/\\\/chateauvillarlong.com\\\/product\\\/diner-et-spectacle-avec-lord-sax\\\/#breadcrumb\",\"itemListElement\":[{\"@type\":\"ListItem\",\"position\":1,\"name\":\"Home\",\"item\":\"https:\\\/\\\/chateauvillarlong.com\\\/\"},{\"@type\":\"ListItem\",\"position\":2,\"name\":\"Shop\",\"item\":\"https:\\\/\\\/chateauvillarlong.com\\\/fr\\\/shop\\\/\"},{\"@type\":\"ListItem\",\"position\":3,\"name\":\"D\u00eener et spectacle avec LORD SAX\"}]},{\"@type\":\"WebSite\",\"@id\":\"https:\\\/\\\/chateauvillarlong.com\\\/#website\",\"url\":\"https:\\\/\\\/chateauvillarlong.com\\\/\",\"name\":\"Ch\u00e2teau Villarlong - Majestic ch\u00e2teau in the south of France with 13 flats offering unique and enchanting charm\",\"description\":\"In Southern France, our 13 stylish holiday apartments provide a genuine sense of belonging, inviting guests to indulge in the magic of this exceptional destination.\",\"potentialAction\":[{\"@type\":\"SearchAction\",\"target\":{\"@type\":\"EntryPoint\",\"urlTemplate\":\"https:\\\/\\\/chateauvillarlong.com\\\/?s={search_term_string}\"},\"query-input\":{\"@type\":\"PropertyValueSpecification\",\"valueRequired\":true,\"valueName\":\"search_term_string\"}}],\"inLanguage\":\"de\"}]}<\/script>\n<!-- \/ Yoast SEO plugin. -->","yoast_head_json":{"title":"D\u00eener et spectacle avec LORD SAX - Ch\u00e2teau Villarlong - Majestic ch\u00e2teau in the south of France with 13 flats offering unique and enchanting charm","description":"D\u00eener et spectacle avec LORD SAX Le 12 ao\u00fbt, nous recevons l'incroyable LORD SAX au Ch\u00e2teau Villarlong. Le d\u00eener et le spectacle sont inclus dans le prix, le tout pour 55 \u20ac !","robots":{"index":"index","follow":"follow","max-snippet":"max-snippet:-1","max-image-preview":"max-image-preview:large","max-video-preview":"max-video-preview:-1"},"canonical":"https:\/\/chateauvillarlong.com\/de\/produkt\/diner-et-spectacle-avec-lord-sax\/","og_locale":"de_DE","og_type":"article","og_title":"D\u00eener et spectacle avec LORD SAX - Ch\u00e2teau Villarlong - Majestic ch\u00e2teau in the south of France with 13 flats offering unique and enchanting charm","og_description":"D\u00eener et spectacle avec LORD SAX Le 12 ao\u00fbt, nous recevons l'incroyable LORD SAX au Ch\u00e2teau Villarlong. Le d\u00eener et le spectacle sont inclus dans le prix, le tout pour 55 \u20ac !","og_url":"https:\/\/chateauvillarlong.com\/de\/produkt\/diner-et-spectacle-avec-lord-sax\/","og_site_name":"Ch\u00e2teau Villarlong - Majestic ch\u00e2teau in the south of France with 13 flats offering unique and enchanting charm","article_modified_time":"2024-07-23T10:26:42+00:00","og_image":[{"width":1536,"height":2048,"url":"https:\/\/chateauvillarlong.com\/wp-content\/uploads\/2024\/07\/sax-jpg.avif","type":"image\/jpeg"}],"twitter_card":"summary_large_image","twitter_misc":{"Gesch\u00e4tzte Lesezeit":"1\u00a0Minute"},"schema":{"@context":"https:\/\/schema.org","@graph":[{"@type":"WebPage","@id":"https:\/\/chateauvillarlong.com\/product\/diner-et-spectacle-avec-lord-sax\/","url":"https:\/\/chateauvillarlong.com\/product\/diner-et-spectacle-avec-lord-sax\/","name":"D\u00eener et spectacle avec LORD SAX - Ch\u00e2teau Villarlong - Majestic ch\u00e2teau in the south of France with 13 flats offering unique and enchanting charm","isPartOf":{"@id":"https:\/\/chateauvillarlong.com\/#website"},"primaryImageOfPage":{"@id":"https:\/\/chateauvillarlong.com\/product\/diner-et-spectacle-avec-lord-sax\/#primaryimage"},"image":{"@id":"https:\/\/chateauvillarlong.com\/product\/diner-et-spectacle-avec-lord-sax\/#primaryimage"},"thumbnailUrl":"https:\/\/chateauvillarlong.com\/wp-content\/uploads\/2024\/07\/sax-jpg.avif","datePublished":"2024-07-23T09:25:57+00:00","dateModified":"2024-07-23T10:26:42+00:00","description":"D\u00eener et spectacle avec LORD SAX Le 12 ao\u00fbt, nous recevons l'incroyable LORD SAX au Ch\u00e2teau Villarlong. Le d\u00eener et le spectacle sont inclus dans le prix, le tout pour 55 \u20ac !","breadcrumb":{"@id":"https:\/\/chateauvillarlong.com\/product\/diner-et-spectacle-avec-lord-sax\/#breadcrumb"},"inLanguage":"de","potentialAction":[{"@type":"ReadAction","target":["https:\/\/chateauvillarlong.com\/product\/diner-et-spectacle-avec-lord-sax\/"]}]},{"@type":"ImageObject","inLanguage":"de","@id":"https:\/\/chateauvillarlong.com\/product\/diner-et-spectacle-avec-lord-sax\/#primaryimage","url":"https:\/\/chateauvillarlong.com\/wp-content\/uploads\/2024\/07\/sax-jpg.avif","contentUrl":"https:\/\/chateauvillarlong.com\/wp-content\/uploads\/2024\/07\/sax-jpg.avif","width":1536,"height":2048},{"@type":"BreadcrumbList","@id":"https:\/\/chateauvillarlong.com\/product\/diner-et-spectacle-avec-lord-sax\/#breadcrumb","itemListElement":[{"@type":"ListItem","position":1,"name":"Home","item":"https:\/\/chateauvillarlong.com\/"},{"@type":"ListItem","position":2,"name":"Shop","item":"https:\/\/chateauvillarlong.com\/fr\/shop\/"},{"@type":"ListItem","position":3,"name":"D\u00eener et spectacle avec LORD SAX"}]},{"@type":"WebSite","@id":"https:\/\/chateauvillarlong.com\/#website","url":"https:\/\/chateauvillarlong.com\/","name":"Ch\u00e2teau Villarlong - Majestic ch\u00e2teau in the south of France with 13 flats offering unique and enchanting charm","description":"In Southern France, our 13 stylish holiday apartments provide a genuine sense of belonging, inviting guests to indulge in the magic of this exceptional destination.","potentialAction":[{"@type":"SearchAction","target":{"@type":"EntryPoint","urlTemplate":"https:\/\/chateauvillarlong.com\/?s={search_term_string}"},"query-input":{"@type":"PropertyValueSpecification","valueRequired":true,"valueName":"search_term_string"}}],"inLanguage":"de"}]}},"_links":{"self":[{"href":"https:\/\/chateauvillarlong.com\/de\/wp-json\/wp\/v2\/product\/3127","targetHints":{"allow":["GET"]}}],"collection":[{"href":"https:\/\/chateauvillarlong.com\/de\/wp-json\/wp\/v2\/product"}],"about":[{"href":"https:\/\/chateauvillarlong.com\/de\/wp-json\/wp\/v2\/types\/product"}],"replies":[{"embeddable":true,"href":"https:\/\/chateauvillarlong.com\/de\/wp-json\/wp\/v2\/comments?post=3127"}],"wp:featuredmedia":[{"embeddable":true,"href":"https:\/\/chateauvillarlong.com\/de\/wp-json\/wp\/v2\/media\/3123"}],"wp:attachment":[{"href":"https:\/\/chateauvillarlong.com\/de\/wp-json\/wp\/v2\/media?parent=3127"}],"wp:term":[{"taxonomy":"product_brand","embeddable":true,"href":"https:\/\/chateauvillarlong.com\/de\/wp-json\/wp\/v2\/product_brand?post=3127"},{"taxonomy":"product_cat","embeddable":true,"href":"https:\/\/chateauvillarlong.com\/de\/wp-json\/wp\/v2\/product_cat?post=3127"},{"taxonomy":"product_tag","embeddable":true,"href":"https:\/\/chateauvillarlong.com\/de\/wp-json\/wp\/v2\/product_tag?post=3127"}],"curies":[{"name":"wp","href":"https:\/\/api.w.org\/{rel}","templated":true}]}}