{"id":2435,"date":"2024-01-04T09:55:23","date_gmt":"2024-01-04T09:55:23","guid":{"rendered":"https:\/\/chateauvillarlong.com\/?page_id=2435"},"modified":"2024-05-15T11:11:39","modified_gmt":"2024-05-15T11:11:39","slug":"legal-notice","status":"publish","type":"page","link":"https:\/\/chateauvillarlong.com\/fr\/legal-notice\/","title":{"rendered":"Legal Notice"},"content":{"rendered":"<div data-elementor-type=\"wp-page\" data-elementor-id=\"2435\" class=\"elementor elementor-2435\" data-elementor-post-type=\"page\">\n\t\t\t\t\t\t<section class=\"elementor-section elementor-top-section elementor-element elementor-element-2f6c8218 elementor-section-boxed elementor-section-height-default elementor-section-height-default\" data-id=\"2f6c8218\" data-element_type=\"section\" data-e-type=\"section\">\n\t\t\t\t\t\t<div class=\"elementor-container elementor-column-gap-default\">\n\t\t\t\t\t<div class=\"elementor-column elementor-col-100 elementor-top-column elementor-element elementor-element-2b219ec0\" data-id=\"2b219ec0\" data-element_type=\"column\" data-e-type=\"column\">\n\t\t\t<div class=\"elementor-widget-wrap elementor-element-populated\">\n\t\t\t\t\t\t<div class=\"elementor-element elementor-element-56ea9af elementor-widget elementor-widget-text-editor\" data-id=\"56ea9af\" data-element_type=\"widget\" data-e-type=\"widget\" data-widget_type=\"text-editor.default\">\n\t\t\t\t<div class=\"elementor-widget-container\">\n\t\t\t\t\t\t\t\t\t<p style=\"text-align: center;\"><em><strong>Ces mentions l\u00e9gales sont \u00e9crites en anglais et ne seront pas traduites par nos soins afin d'\u00e9viter d'\u00e9ventuelles mauvaises interpr\u00e9tations. Vous avez la possibilit\u00e9 d'utiliser un traducteur en ligne afin de traduire ce texte, mais sont r\u00e9sultat ne sera pas consid\u00e9r\u00e9 aux yeux de la loi.<\/strong><\/em><\/p>\t\t\t\t\t\t\t\t<\/div>\n\t\t\t\t<\/div>\n\t\t\t\t<div class=\"elementor-element elementor-element-e5910d1 elementor-widget elementor-widget-text-editor\" data-id=\"e5910d1\" data-element_type=\"widget\" data-e-type=\"widget\" data-widget_type=\"text-editor.default\">\n\t\t\t\t<div class=\"elementor-widget-container\">\n\t\t\t\t\t\t\t\t\t<p style=\"text-align: center;\">Effective 04\/01\/2024<\/p><p style=\"text-align: center;\">In accordance with the provisions of Articles 6-III and 19 of Law no. 2004-575 of June 21, 2004 for Confidence in the Digital Economy, known as L.C.E.N., users and visitors, hereinafter referred to as the &#8220;User&#8221;, to the site www.chateauvillarlong.com, hereinafter referred to as the &#8220;Site&#8221;, are hereby informed of the present legal notice.<\/p><p style=\"text-align: center;\">Connection to and browsing of the Site by the User implies full and unreserved acceptance of the present legal notice.<\/p><p style=\"text-align: center;\">They are accessible on the Site under the heading &#8220;Legal information&#8221;.<\/p><p style=\"text-align: center;\">ARTICLE 1 &#8211; THE PUBLISHER<\/p><p style=\"text-align: center;\">The Site is edited and published by Cl\u00e9ment SIMON, domiciled at 18 rue Raoul Dufy, whose telephone number is 0632473790, and e-mail address is contact@kbinfo.fr.<\/p><p style=\"text-align: center;\">The company is registered with the Registre du Commerce et des Soci\u00e9t\u00e9s de Carcassonne under number 794771063. <br \/>hereinafter the &#8220;Publisher&#8221;.<\/p><p style=\"text-align: center;\">ARTICLE 2 &#8211; HOST<\/p><p style=\"text-align: center;\">The Site&#8217;s host is O2Switch, Chem. des Pardiaux, 63000 Clermont-Ferrand, France with telephone number :<br \/><span class=\"LrzXr zdqRlf kno-fv\"><span aria-label=\"Appeler le 04 44 44 60 40\">04 44 44 60 40<\/span><\/span><\/p><p style=\"text-align: center;\">ARTICLE 3 &#8211; ACCESS TO THE SITE<\/p><p style=\"text-align: center;\">The Site is accessible at all times, 7 days a week, 24 hours a day, except in the event of force majeure, scheduled or unscheduled interruption, or where maintenance is required.<\/p><p style=\"text-align: center;\">In the event of modification, interruption or suspension of the Site, the Publisher shall not be held liable.<\/p><p style=\"text-align: center;\">ARTICLE 4 &#8211; DATA COLLECTION<\/p><p style=\"text-align: center;\">The Site ensures that the User&#8217;s personal data is collected and processed with due respect for privacy, in accordance with the French Data Protection Act no. 78-17 of January 6, 1978.<\/p><p style=\"text-align: center;\">Under the French Data Protection Act of January 6, 1978, the User has the right to access, rectify, delete and object to his or her personal data. The User may exercise this right :<br \/>&#8211; by e-mail to info@chateauvillarlong.com<br \/>&#8211; via a contact form;<\/p><p>Any use, reproduction, distribution, marketing or modification of all or part of the Site, without the Publisher&#8217;s authorization, is prohibited and may result in legal action and prosecution as provided for in the French Intellectual Property Code and the French Civil Code.<\/p><p style=\"text-align: center;\">For further information, please refer to the General Terms and Conditions of Sale of the www.chateauvillarlong.com website, available under the heading &#8220;General Terms and Conditions of Sale&#8221;. <br \/>For further information on the protection of personal data, please refer to the Charter on the protection of personal data on the www.chateauvillarlong.com website, accessible under the heading &#8220;Personal data&#8221;.<br \/>For further information on cookies, please refer to the Cookies Charter of the www.chateauvillarlong.com website, accessible under &#8220;Cookies&#8221;.<\/p>\t\t\t\t\t\t\t\t<\/div>\n\t\t\t\t<\/div>\n\t\t\t\t\t<\/div>\n\t\t<\/div>\n\t\t\t\t\t<\/div>\n\t\t<\/section>\n\t\t\t\t<\/div>","protected":false},"excerpt":{"rendered":"<p>These legal notices are written in English and will not be translated by us in order to avoid any possible misinterpretation. You can use an online translator to translate this text, but the result will not be considered legal. Effective 04\/01\/2024 In accordance with the provisions of Articles 6-III and 19 of Law no. 2004-575 [&hellip;]<\/p>","protected":false},"author":1,"featured_media":0,"parent":0,"menu_order":0,"comment_status":"closed","ping_status":"closed","template":"","meta":{"footnotes":""},"class_list":["post-2435","page","type-page","status-publish","hentry"],"yoast_head":"<!-- This site is optimized with the Yoast SEO plugin v27.5 - https:\/\/yoast.com\/product\/yoast-seo-wordpress\/ -->\n<title>Legal Notice - Ch\u00e2teau Villarlong - Majestic ch\u00e2teau in the south of France with 13 flats offering unique and enchanting charm<\/title>\n<meta name=\"robots\" content=\"index, follow, max-snippet:-1, max-image-preview:large, max-video-preview:-1\" \/>\n<link rel=\"canonical\" href=\"https:\/\/chateauvillarlong.com\/fr\/legal-notice\/\" \/>\n<meta property=\"og:locale\" content=\"fr_FR\" \/>\n<meta property=\"og:type\" content=\"article\" \/>\n<meta property=\"og:title\" content=\"Legal Notice - Ch\u00e2teau Villarlong - Majestic ch\u00e2teau in the south of France with 13 flats offering unique and enchanting charm\" \/>\n<meta property=\"og:description\" content=\"These legal notices are written in English and will not be translated by us in order to avoid any possible misinterpretation. You can use an online translator to translate this text, but the result will not be considered legal. Effective 04\/01\/2024 In accordance with the provisions of Articles 6-III and 19 of Law no. 2004-575 [&hellip;]\" \/>\n<meta property=\"og:url\" content=\"https:\/\/chateauvillarlong.com\/fr\/legal-notice\/\" \/>\n<meta property=\"og:site_name\" content=\"Ch\u00e2teau Villarlong - Majestic ch\u00e2teau in the south of France with 13 flats offering unique and enchanting charm\" \/>\n<meta property=\"article:modified_time\" content=\"2024-05-15T11:11:39+00:00\" \/>\n<meta name=\"twitter:card\" content=\"summary_large_image\" \/>\n<meta name=\"twitter:label1\" content=\"Dur\u00e9e de lecture estim\u00e9e\" \/>\n\t<meta name=\"twitter:data1\" content=\"2 minutes\" \/>\n<script type=\"application\/ld+json\" class=\"yoast-schema-graph\">{\"@context\":\"https:\\\/\\\/schema.org\",\"@graph\":[{\"@type\":\"WebPage\",\"@id\":\"https:\\\/\\\/chateauvillarlong.com\\\/legal-notice\\\/\",\"url\":\"https:\\\/\\\/chateauvillarlong.com\\\/legal-notice\\\/\",\"name\":\"Legal Notice - Ch\u00e2teau Villarlong - Majestic ch\u00e2teau in the south of France with 13 flats offering unique and enchanting charm\",\"isPartOf\":{\"@id\":\"https:\\\/\\\/chateauvillarlong.com\\\/#website\"},\"datePublished\":\"2024-01-04T09:55:23+00:00\",\"dateModified\":\"2024-05-15T11:11:39+00:00\",\"breadcrumb\":{\"@id\":\"https:\\\/\\\/chateauvillarlong.com\\\/legal-notice\\\/#breadcrumb\"},\"inLanguage\":\"fr-FR\",\"potentialAction\":[{\"@type\":\"ReadAction\",\"target\":[\"https:\\\/\\\/chateauvillarlong.com\\\/legal-notice\\\/\"]}]},{\"@type\":\"BreadcrumbList\",\"@id\":\"https:\\\/\\\/chateauvillarlong.com\\\/legal-notice\\\/#breadcrumb\",\"itemListElement\":[{\"@type\":\"ListItem\",\"position\":1,\"name\":\"Home\",\"item\":\"https:\\\/\\\/chateauvillarlong.com\\\/\"},{\"@type\":\"ListItem\",\"position\":2,\"name\":\"Legal Notice\"}]},{\"@type\":\"WebSite\",\"@id\":\"https:\\\/\\\/chateauvillarlong.com\\\/#website\",\"url\":\"https:\\\/\\\/chateauvillarlong.com\\\/\",\"name\":\"Ch\u00e2teau Villarlong - Majestic ch\u00e2teau in the south of France with 13 flats offering unique and enchanting charm\",\"description\":\"In Southern France, our 13 stylish holiday apartments provide a genuine sense of belonging, inviting guests to indulge in the magic of this exceptional destination.\",\"potentialAction\":[{\"@type\":\"SearchAction\",\"target\":{\"@type\":\"EntryPoint\",\"urlTemplate\":\"https:\\\/\\\/chateauvillarlong.com\\\/?s={search_term_string}\"},\"query-input\":{\"@type\":\"PropertyValueSpecification\",\"valueRequired\":true,\"valueName\":\"search_term_string\"}}],\"inLanguage\":\"fr-FR\"}]}<\/script>\n<!-- \/ Yoast SEO plugin. -->","yoast_head_json":{"title":"Legal Notice - Ch\u00e2teau Villarlong - Majestic ch\u00e2teau in the south of France with 13 flats offering unique and enchanting charm","robots":{"index":"index","follow":"follow","max-snippet":"max-snippet:-1","max-image-preview":"max-image-preview:large","max-video-preview":"max-video-preview:-1"},"canonical":"https:\/\/chateauvillarlong.com\/fr\/legal-notice\/","og_locale":"fr_FR","og_type":"article","og_title":"Legal Notice - Ch\u00e2teau Villarlong - Majestic ch\u00e2teau in the south of France with 13 flats offering unique and enchanting charm","og_description":"These legal notices are written in English and will not be translated by us in order to avoid any possible misinterpretation. You can use an online translator to translate this text, but the result will not be considered legal. Effective 04\/01\/2024 In accordance with the provisions of Articles 6-III and 19 of Law no. 2004-575 [&hellip;]","og_url":"https:\/\/chateauvillarlong.com\/fr\/legal-notice\/","og_site_name":"Ch\u00e2teau Villarlong - Majestic ch\u00e2teau in the south of France with 13 flats offering unique and enchanting charm","article_modified_time":"2024-05-15T11:11:39+00:00","twitter_card":"summary_large_image","twitter_misc":{"Dur\u00e9e de lecture estim\u00e9e":"2 minutes"},"schema":{"@context":"https:\/\/schema.org","@graph":[{"@type":"WebPage","@id":"https:\/\/chateauvillarlong.com\/legal-notice\/","url":"https:\/\/chateauvillarlong.com\/legal-notice\/","name":"Legal Notice - Ch\u00e2teau Villarlong - Majestic ch\u00e2teau in the south of France with 13 flats offering unique and enchanting charm","isPartOf":{"@id":"https:\/\/chateauvillarlong.com\/#website"},"datePublished":"2024-01-04T09:55:23+00:00","dateModified":"2024-05-15T11:11:39+00:00","breadcrumb":{"@id":"https:\/\/chateauvillarlong.com\/legal-notice\/#breadcrumb"},"inLanguage":"fr-FR","potentialAction":[{"@type":"ReadAction","target":["https:\/\/chateauvillarlong.com\/legal-notice\/"]}]},{"@type":"BreadcrumbList","@id":"https:\/\/chateauvillarlong.com\/legal-notice\/#breadcrumb","itemListElement":[{"@type":"ListItem","position":1,"name":"Home","item":"https:\/\/chateauvillarlong.com\/"},{"@type":"ListItem","position":2,"name":"Legal Notice"}]},{"@type":"WebSite","@id":"https:\/\/chateauvillarlong.com\/#website","url":"https:\/\/chateauvillarlong.com\/","name":"Ch\u00e2teau Villarlong - Majestic ch\u00e2teau in the south of France with 13 flats offering unique and enchanting charm","description":"In Southern France, our 13 stylish holiday apartments provide a genuine sense of belonging, inviting guests to indulge in the magic of this exceptional destination.","potentialAction":[{"@type":"SearchAction","target":{"@type":"EntryPoint","urlTemplate":"https:\/\/chateauvillarlong.com\/?s={search_term_string}"},"query-input":{"@type":"PropertyValueSpecification","valueRequired":true,"valueName":"search_term_string"}}],"inLanguage":"fr-FR"}]}},"_links":{"self":[{"href":"https:\/\/chateauvillarlong.com\/fr\/wp-json\/wp\/v2\/pages\/2435","targetHints":{"allow":["GET"]}}],"collection":[{"href":"https:\/\/chateauvillarlong.com\/fr\/wp-json\/wp\/v2\/pages"}],"about":[{"href":"https:\/\/chateauvillarlong.com\/fr\/wp-json\/wp\/v2\/types\/page"}],"author":[{"embeddable":true,"href":"https:\/\/chateauvillarlong.com\/fr\/wp-json\/wp\/v2\/users\/1"}],"replies":[{"embeddable":true,"href":"https:\/\/chateauvillarlong.com\/fr\/wp-json\/wp\/v2\/comments?post=2435"}],"version-history":[{"count":8,"href":"https:\/\/chateauvillarlong.com\/fr\/wp-json\/wp\/v2\/pages\/2435\/revisions"}],"predecessor-version":[{"id":3016,"href":"https:\/\/chateauvillarlong.com\/fr\/wp-json\/wp\/v2\/pages\/2435\/revisions\/3016"}],"wp:attachment":[{"href":"https:\/\/chateauvillarlong.com\/fr\/wp-json\/wp\/v2\/media?parent=2435"}],"curies":[{"name":"wp","href":"https:\/\/api.w.org\/{rel}","templated":true}]}}