{"id":2751,"date":"2024-01-19T11:28:03","date_gmt":"2024-01-19T11:28:03","guid":{"rendered":"https:\/\/chateauvillarlong.com\/?post_type=product&#038;p=2751"},"modified":"2024-01-29T08:42:50","modified_gmt":"2024-01-29T08:42:50","slug":"saint-valentin-diner","status":"publish","type":"product","link":"https:\/\/chateauvillarlong.com\/fr\/produit\/saint-valentin-diner\/","title":{"rendered":"Saint Valentin d\u00eener &#8211; Complet"},"content":{"rendered":"<div style=\"width: 800px;\" class=\"wp-video\"><video class=\"wp-video-shortcode\" id=\"video-2751-1\" width=\"800\" height=\"671\" preload=\"metadata\" controls=\"controls\"><source type=\"video\/mp4\" src=\"https:\/\/chateauvillarlong.com\/wp-content\/uploads\/2024\/01\/Red-White-Minimalist-Valentines-Day-Mobile-Video.mp4?_=1\" \/><a href=\"https:\/\/chateauvillarlong.com\/wp-content\/uploads\/2024\/01\/Red-White-Minimalist-Valentines-Day-Mobile-Video.mp4\">https:\/\/chateauvillarlong.com\/wp-content\/uploads\/2024\/01\/Red-White-Minimalist-Valentines-Day-Mobile-Video.mp4<\/a><\/video><\/div>\n<div class=\"xdj266r x11i5rnm xat24cr x1mh8g0r x1vvkbs x126k92a\">\n<div dir=\"auto\">Everyone is welcome at our restaurant Le Cast\u00e8l to celebrate St Valentine, friends, family, couples and groups! We hope to see you all here on the 14th for a special menu <span class=\"x3nfvp2 x1j61x8r x1fcty0u xdj266r xhhsvwb xat24cr xgzva0m xxymvpz xlup9mm x1kky2od\"><img decoding=\"async\" class=\"xz74otr\" src=\"https:\/\/static.xx.fbcdn.net\/images\/emoji.php\/v9\/t2\/1\/16\/1f60d.png\" alt=\"&#x1f60d;\" width=\"16\" height=\"16\" \/><\/span><\/div>\n<\/div>\n<div class=\"x11i5rnm xat24cr x1mh8g0r x1vvkbs xtlvy1s x126k92a\">\n<div dir=\"auto\">Tout le monde est le bienvenu dans notre restaurant Le Cast\u00e8l pour c\u00e9l\u00e9brer la Saint Valentin, amis, famille, couples et groupes ! Nous esp\u00e9rons vous voir tous ici le 14 pour un menu sp\u00e9cial <span class=\"x3nfvp2 x1j61x8r x1fcty0u xdj266r xhhsvwb xat24cr xgzva0m xxymvpz xlup9mm x1kky2od\"><img decoding=\"async\" class=\"xz74otr\" src=\"https:\/\/static.xx.fbcdn.net\/images\/emoji.php\/v9\/t2\/1\/16\/1f60d.png\" alt=\"&#x1f60d;\" width=\"16\" height=\"16\" \/><\/span><\/div>\n<\/div>","protected":false},"excerpt":{"rendered":"<div class=\"xdj266r x11i5rnm xat24cr x1mh8g0r x1vvkbs x126k92a\">\n<div dir=\"auto\">Everyone is welcome at our restaurant Le Cast\u00e8l to celebrate St Valentine, friends, family, couples and groups! We hope to see you all here on the 14th for a special menu <span class=\"x3nfvp2 x1j61x8r x1fcty0u xdj266r xhhsvwb xat24cr xgzva0m xxymvpz xlup9mm x1kky2od\"><img decoding=\"async\" class=\"xz74otr\" src=\"https:\/\/static.xx.fbcdn.net\/images\/emoji.php\/v9\/t2\/1\/16\/1f60d.png\" alt=\"&#x1f60d;\" width=\"16\" height=\"16\" \/><\/span><\/div>\n<\/div>\n<div class=\"x11i5rnm xat24cr x1mh8g0r x1vvkbs xtlvy1s x126k92a\">\n<div dir=\"auto\">Tout le monde est le bienvenu dans notre restaurant Le Cast\u00e8l pour c\u00e9l\u00e9brer la Saint Valentin, amis, famille, couples et groupes ! Nous esp\u00e9rons vous voir tous ici le 14 pour un menu sp\u00e9cial <span class=\"x3nfvp2 x1j61x8r x1fcty0u xdj266r xhhsvwb xat24cr xgzva0m xxymvpz xlup9mm x1kky2od\"><img decoding=\"async\" class=\"xz74otr\" src=\"https:\/\/static.xx.fbcdn.net\/images\/emoji.php\/v9\/t2\/1\/16\/1f60d.png\" alt=\"&#x1f60d;\" width=\"16\" height=\"16\" \/><\/span><\/div>\n<\/div>","protected":false},"featured_media":2753,"comment_status":"open","ping_status":"closed","template":"","meta":[],"product_brand":[],"product_cat":[24],"product_tag":[],"class_list":{"0":"post-2751","1":"product","2":"type-product","3":"status-publish","4":"has-post-thumbnail","6":"product_cat-events","8":"first","9":"instock","10":"shipping-taxable","11":"purchasable","12":"product-type-simple"},"yoast_head":"<!-- This site is optimized with the Yoast SEO plugin v27.5 - https:\/\/yoast.com\/product\/yoast-seo-wordpress\/ -->\n<title>Saint Valentin d\u00eener - Complet - Ch\u00e2teau Villarlong - Majestic ch\u00e2teau in the south of France with 13 flats offering unique and enchanting charm<\/title>\n<meta name=\"robots\" content=\"index, follow, max-snippet:-1, max-image-preview:large, max-video-preview:-1\" \/>\n<link rel=\"canonical\" href=\"https:\/\/chateauvillarlong.com\/fr\/produit\/saint-valentin-diner\/\" \/>\n<meta property=\"og:locale\" content=\"fr_FR\" \/>\n<meta property=\"og:type\" content=\"article\" \/>\n<meta property=\"og:title\" content=\"Saint Valentin d\u00eener - Complet - Ch\u00e2teau Villarlong - Majestic ch\u00e2teau in the south of France with 13 flats offering unique and enchanting charm\" \/>\n<meta property=\"og:description\" content=\"Everyone is welcome at our restaurant Le Cast\u00e8l to celebrate St Valentine, friends, family, couples and groups! We hope to see you all here on the 14th for a special menu    Tout le monde est le bienvenu dans notre restaurant Le Cast\u00e8l pour c\u00e9l\u00e9brer la Saint Valentin, amis, famille, couples et groupes ! Nous esp\u00e9rons vous voir tous ici le 14 pour un menu sp\u00e9cial\" \/>\n<meta property=\"og:url\" content=\"https:\/\/chateauvillarlong.com\/fr\/produit\/saint-valentin-diner\/\" \/>\n<meta property=\"og:site_name\" content=\"Ch\u00e2teau Villarlong - Majestic ch\u00e2teau in the south of France with 13 flats offering unique and enchanting charm\" \/>\n<meta property=\"article:modified_time\" content=\"2024-01-29T08:42:50+00:00\" \/>\n<meta property=\"og:image\" content=\"https:\/\/chateauvillarlong.com\/wp-content\/uploads\/2024\/01\/Red-White-Minimalist-Valentines-Day-Mobile-Video.png\" \/>\n\t<meta property=\"og:image:width\" content=\"940\" \/>\n\t<meta property=\"og:image:height\" content=\"788\" \/>\n\t<meta property=\"og:image:type\" content=\"image\/png\" \/>\n<meta name=\"twitter:card\" content=\"summary_large_image\" \/>\n<meta name=\"twitter:label1\" content=\"Dur\u00e9e de lecture estim\u00e9e\" \/>\n\t<meta name=\"twitter:data1\" content=\"1 minute\" \/>\n<script type=\"application\/ld+json\" class=\"yoast-schema-graph\">{\"@context\":\"https:\\\/\\\/schema.org\",\"@graph\":[{\"@type\":\"WebPage\",\"@id\":\"https:\\\/\\\/chateauvillarlong.com\\\/product\\\/saint-valentin-diner\\\/\",\"url\":\"https:\\\/\\\/chateauvillarlong.com\\\/product\\\/saint-valentin-diner\\\/\",\"name\":\"Saint Valentin d\u00eener - Complet - Ch\u00e2teau Villarlong - Majestic ch\u00e2teau in the south of France with 13 flats offering unique and enchanting charm\",\"isPartOf\":{\"@id\":\"https:\\\/\\\/chateauvillarlong.com\\\/#website\"},\"primaryImageOfPage\":{\"@id\":\"https:\\\/\\\/chateauvillarlong.com\\\/product\\\/saint-valentin-diner\\\/#primaryimage\"},\"image\":{\"@id\":\"https:\\\/\\\/chateauvillarlong.com\\\/product\\\/saint-valentin-diner\\\/#primaryimage\"},\"thumbnailUrl\":\"https:\\\/\\\/chateauvillarlong.com\\\/wp-content\\\/uploads\\\/2024\\\/01\\\/Red-White-Minimalist-Valentines-Day-Mobile-Video.png\",\"datePublished\":\"2024-01-19T11:28:03+00:00\",\"dateModified\":\"2024-01-29T08:42:50+00:00\",\"breadcrumb\":{\"@id\":\"https:\\\/\\\/chateauvillarlong.com\\\/product\\\/saint-valentin-diner\\\/#breadcrumb\"},\"inLanguage\":\"fr-FR\",\"potentialAction\":[{\"@type\":\"ReadAction\",\"target\":[\"https:\\\/\\\/chateauvillarlong.com\\\/product\\\/saint-valentin-diner\\\/\"]}]},{\"@type\":\"ImageObject\",\"inLanguage\":\"fr-FR\",\"@id\":\"https:\\\/\\\/chateauvillarlong.com\\\/product\\\/saint-valentin-diner\\\/#primaryimage\",\"url\":\"https:\\\/\\\/chateauvillarlong.com\\\/wp-content\\\/uploads\\\/2024\\\/01\\\/Red-White-Minimalist-Valentines-Day-Mobile-Video.png\",\"contentUrl\":\"https:\\\/\\\/chateauvillarlong.com\\\/wp-content\\\/uploads\\\/2024\\\/01\\\/Red-White-Minimalist-Valentines-Day-Mobile-Video.png\",\"width\":940,\"height\":788},{\"@type\":\"BreadcrumbList\",\"@id\":\"https:\\\/\\\/chateauvillarlong.com\\\/product\\\/saint-valentin-diner\\\/#breadcrumb\",\"itemListElement\":[{\"@type\":\"ListItem\",\"position\":1,\"name\":\"Home\",\"item\":\"https:\\\/\\\/chateauvillarlong.com\\\/\"},{\"@type\":\"ListItem\",\"position\":2,\"name\":\"Shop\",\"item\":\"https:\\\/\\\/chateauvillarlong.com\\\/fr\\\/shop\\\/\"},{\"@type\":\"ListItem\",\"position\":3,\"name\":\"Saint Valentin d\u00eener &#8211; Complet\"}]},{\"@type\":\"WebSite\",\"@id\":\"https:\\\/\\\/chateauvillarlong.com\\\/#website\",\"url\":\"https:\\\/\\\/chateauvillarlong.com\\\/\",\"name\":\"Ch\u00e2teau Villarlong - Majestic ch\u00e2teau in the south of France with 13 flats offering unique and enchanting charm\",\"description\":\"In Southern France, our 13 stylish holiday apartments provide a genuine sense of belonging, inviting guests to indulge in the magic of this exceptional destination.\",\"potentialAction\":[{\"@type\":\"SearchAction\",\"target\":{\"@type\":\"EntryPoint\",\"urlTemplate\":\"https:\\\/\\\/chateauvillarlong.com\\\/?s={search_term_string}\"},\"query-input\":{\"@type\":\"PropertyValueSpecification\",\"valueRequired\":true,\"valueName\":\"search_term_string\"}}],\"inLanguage\":\"fr-FR\"}]}<\/script>\n<!-- \/ Yoast SEO plugin. -->","yoast_head_json":{"title":"Saint Valentin d\u00eener - Complet - Ch\u00e2teau Villarlong - Majestic ch\u00e2teau in the south of France with 13 flats offering unique and enchanting charm","robots":{"index":"index","follow":"follow","max-snippet":"max-snippet:-1","max-image-preview":"max-image-preview:large","max-video-preview":"max-video-preview:-1"},"canonical":"https:\/\/chateauvillarlong.com\/fr\/produit\/saint-valentin-diner\/","og_locale":"fr_FR","og_type":"article","og_title":"Saint Valentin d\u00eener - Complet - Ch\u00e2teau Villarlong - Majestic ch\u00e2teau in the south of France with 13 flats offering unique and enchanting charm","og_description":"Everyone is welcome at our restaurant Le Cast\u00e8l to celebrate St Valentine, friends, family, couples and groups! We hope to see you all here on the 14th for a special menu    Tout le monde est le bienvenu dans notre restaurant Le Cast\u00e8l pour c\u00e9l\u00e9brer la Saint Valentin, amis, famille, couples et groupes ! Nous esp\u00e9rons vous voir tous ici le 14 pour un menu sp\u00e9cial","og_url":"https:\/\/chateauvillarlong.com\/fr\/produit\/saint-valentin-diner\/","og_site_name":"Ch\u00e2teau Villarlong - Majestic ch\u00e2teau in the south of France with 13 flats offering unique and enchanting charm","article_modified_time":"2024-01-29T08:42:50+00:00","og_image":[{"width":940,"height":788,"url":"https:\/\/chateauvillarlong.com\/wp-content\/uploads\/2024\/01\/Red-White-Minimalist-Valentines-Day-Mobile-Video.png","type":"image\/png"}],"twitter_card":"summary_large_image","twitter_misc":{"Dur\u00e9e de lecture estim\u00e9e":"1 minute"},"schema":{"@context":"https:\/\/schema.org","@graph":[{"@type":"WebPage","@id":"https:\/\/chateauvillarlong.com\/product\/saint-valentin-diner\/","url":"https:\/\/chateauvillarlong.com\/product\/saint-valentin-diner\/","name":"Saint Valentin d\u00eener - Complet - Ch\u00e2teau Villarlong - Majestic ch\u00e2teau in the south of France with 13 flats offering unique and enchanting charm","isPartOf":{"@id":"https:\/\/chateauvillarlong.com\/#website"},"primaryImageOfPage":{"@id":"https:\/\/chateauvillarlong.com\/product\/saint-valentin-diner\/#primaryimage"},"image":{"@id":"https:\/\/chateauvillarlong.com\/product\/saint-valentin-diner\/#primaryimage"},"thumbnailUrl":"https:\/\/chateauvillarlong.com\/wp-content\/uploads\/2024\/01\/Red-White-Minimalist-Valentines-Day-Mobile-Video.png","datePublished":"2024-01-19T11:28:03+00:00","dateModified":"2024-01-29T08:42:50+00:00","breadcrumb":{"@id":"https:\/\/chateauvillarlong.com\/product\/saint-valentin-diner\/#breadcrumb"},"inLanguage":"fr-FR","potentialAction":[{"@type":"ReadAction","target":["https:\/\/chateauvillarlong.com\/product\/saint-valentin-diner\/"]}]},{"@type":"ImageObject","inLanguage":"fr-FR","@id":"https:\/\/chateauvillarlong.com\/product\/saint-valentin-diner\/#primaryimage","url":"https:\/\/chateauvillarlong.com\/wp-content\/uploads\/2024\/01\/Red-White-Minimalist-Valentines-Day-Mobile-Video.png","contentUrl":"https:\/\/chateauvillarlong.com\/wp-content\/uploads\/2024\/01\/Red-White-Minimalist-Valentines-Day-Mobile-Video.png","width":940,"height":788},{"@type":"BreadcrumbList","@id":"https:\/\/chateauvillarlong.com\/product\/saint-valentin-diner\/#breadcrumb","itemListElement":[{"@type":"ListItem","position":1,"name":"Home","item":"https:\/\/chateauvillarlong.com\/"},{"@type":"ListItem","position":2,"name":"Shop","item":"https:\/\/chateauvillarlong.com\/fr\/shop\/"},{"@type":"ListItem","position":3,"name":"Saint Valentin d\u00eener &#8211; Complet"}]},{"@type":"WebSite","@id":"https:\/\/chateauvillarlong.com\/#website","url":"https:\/\/chateauvillarlong.com\/","name":"Ch\u00e2teau Villarlong - Majestic ch\u00e2teau in the south of France with 13 flats offering unique and enchanting charm","description":"In Southern France, our 13 stylish holiday apartments provide a genuine sense of belonging, inviting guests to indulge in the magic of this exceptional destination.","potentialAction":[{"@type":"SearchAction","target":{"@type":"EntryPoint","urlTemplate":"https:\/\/chateauvillarlong.com\/?s={search_term_string}"},"query-input":{"@type":"PropertyValueSpecification","valueRequired":true,"valueName":"search_term_string"}}],"inLanguage":"fr-FR"}]}},"_links":{"self":[{"href":"https:\/\/chateauvillarlong.com\/fr\/wp-json\/wp\/v2\/product\/2751","targetHints":{"allow":["GET"]}}],"collection":[{"href":"https:\/\/chateauvillarlong.com\/fr\/wp-json\/wp\/v2\/product"}],"about":[{"href":"https:\/\/chateauvillarlong.com\/fr\/wp-json\/wp\/v2\/types\/product"}],"replies":[{"embeddable":true,"href":"https:\/\/chateauvillarlong.com\/fr\/wp-json\/wp\/v2\/comments?post=2751"}],"wp:featuredmedia":[{"embeddable":true,"href":"https:\/\/chateauvillarlong.com\/fr\/wp-json\/wp\/v2\/media\/2753"}],"wp:attachment":[{"href":"https:\/\/chateauvillarlong.com\/fr\/wp-json\/wp\/v2\/media?parent=2751"}],"wp:term":[{"taxonomy":"product_brand","embeddable":true,"href":"https:\/\/chateauvillarlong.com\/fr\/wp-json\/wp\/v2\/product_brand?post=2751"},{"taxonomy":"product_cat","embeddable":true,"href":"https:\/\/chateauvillarlong.com\/fr\/wp-json\/wp\/v2\/product_cat?post=2751"},{"taxonomy":"product_tag","embeddable":true,"href":"https:\/\/chateauvillarlong.com\/fr\/wp-json\/wp\/v2\/product_tag?post=2751"}],"curies":[{"name":"wp","href":"https:\/\/api.w.org\/{rel}","templated":true}]}}