{"id":2995,"date":"2024-04-15T11:54:51","date_gmt":"2024-04-15T11:54:51","guid":{"rendered":"https:\/\/chateauvillarlong.com\/?post_type=product&#038;p=2995"},"modified":"2024-05-18T12:44:06","modified_gmt":"2024-05-18T12:44:06","slug":"musique-classique-lors-dun-diner-avec-le-constantin-duisberg-duo","status":"publish","type":"product","link":"https:\/\/chateauvillarlong.com\/fr\/produit\/musique-classique-lors-dun-diner-avec-le-constantin-duisberg-duo\/","title":{"rendered":"COMPLET &#8211; Musique classique lors d&#8217;un d\u00eener avec le Constantin Duisberg Duo."},"content":{"rendered":"<p>Rejoignez-nous pour un d\u00e9licieux repas accompagn\u00e9 par le duo Maxim Tzekov &amp; Constantin Duisberg, jouant du violoncelle et du violon. Ils nous ont rejoints l&#8217;ann\u00e9e derni\u00e8re et nous avons rapidement affich\u00e9 complet, alors n&#8217;oubliez pas de prendre vos billets d\u00e8s maintenant !<\/p>","protected":false},"excerpt":{"rendered":"<p>Venez nous rejoindre pour un beau repas accompagn\u00e9 par le duo Constantin Duisberg jouant du violoncelle et du violon.<\/p>","protected":false},"featured_media":3005,"comment_status":"open","ping_status":"closed","template":"","meta":[],"product_brand":[],"product_cat":[24],"product_tag":[],"class_list":{"0":"post-2995","1":"product","2":"type-product","3":"status-publish","4":"has-post-thumbnail","6":"product_cat-events","8":"first","9":"instock","10":"virtual","11":"product-type-simple"},"yoast_head":"<!-- This site is optimized with the Yoast SEO plugin v27.5 - https:\/\/yoast.com\/product\/yoast-seo-wordpress\/ -->\n<title>COMPLET - Musique classique lors d&#039;un d\u00eener avec le Constantin Duisberg Duo. - Ch\u00e2teau Villarlong - Majestic ch\u00e2teau in the south of France with 13 flats offering unique and enchanting charm<\/title>\n<meta name=\"robots\" content=\"index, follow, max-snippet:-1, max-image-preview:large, max-video-preview:-1\" \/>\n<link rel=\"canonical\" href=\"https:\/\/chateauvillarlong.com\/fr\/produit\/musique-classique-lors-dun-diner-avec-le-constantin-duisberg-duo\/\" \/>\n<meta property=\"og:locale\" content=\"fr_FR\" \/>\n<meta property=\"og:type\" content=\"article\" \/>\n<meta property=\"og:title\" content=\"COMPLET - Musique classique lors d&#039;un d\u00eener avec le Constantin Duisberg Duo. - Ch\u00e2teau Villarlong - Majestic ch\u00e2teau in the south of France with 13 flats offering unique and enchanting charm\" \/>\n<meta property=\"og:description\" content=\"Venez nous rejoindre pour un beau repas accompagn\u00e9 par le duo Constantin Duisberg jouant du violoncelle et du violon.\" \/>\n<meta property=\"og:url\" content=\"https:\/\/chateauvillarlong.com\/fr\/produit\/musique-classique-lors-dun-diner-avec-le-constantin-duisberg-duo\/\" \/>\n<meta property=\"og:site_name\" content=\"Ch\u00e2teau Villarlong - Majestic ch\u00e2teau in the south of France with 13 flats offering unique and enchanting charm\" \/>\n<meta property=\"article:modified_time\" content=\"2024-05-18T12:44:06+00:00\" \/>\n<meta property=\"og:image\" content=\"https:\/\/chateauvillarlong.com\/wp-content\/uploads\/2024\/04\/2.png\" \/>\n\t<meta property=\"og:image:width\" content=\"1587\" \/>\n\t<meta property=\"og:image:height\" content=\"2245\" \/>\n\t<meta property=\"og:image:type\" content=\"image\/png\" \/>\n<meta name=\"twitter:card\" content=\"summary_large_image\" \/>\n<meta name=\"twitter:label1\" content=\"Dur\u00e9e de lecture estim\u00e9e\" \/>\n\t<meta name=\"twitter:data1\" content=\"1 minute\" \/>\n<script type=\"application\/ld+json\" class=\"yoast-schema-graph\">{\"@context\":\"https:\\\/\\\/schema.org\",\"@graph\":[{\"@type\":\"WebPage\",\"@id\":\"https:\\\/\\\/chateauvillarlong.com\\\/product\\\/musique-classique-lors-dun-diner-avec-le-constantin-duisberg-duo\\\/\",\"url\":\"https:\\\/\\\/chateauvillarlong.com\\\/product\\\/musique-classique-lors-dun-diner-avec-le-constantin-duisberg-duo\\\/\",\"name\":\"COMPLET - Musique classique lors d'un d\u00eener avec le Constantin Duisberg Duo. - Ch\u00e2teau Villarlong - Majestic ch\u00e2teau in the south of France with 13 flats offering unique and enchanting charm\",\"isPartOf\":{\"@id\":\"https:\\\/\\\/chateauvillarlong.com\\\/#website\"},\"primaryImageOfPage\":{\"@id\":\"https:\\\/\\\/chateauvillarlong.com\\\/product\\\/musique-classique-lors-dun-diner-avec-le-constantin-duisberg-duo\\\/#primaryimage\"},\"image\":{\"@id\":\"https:\\\/\\\/chateauvillarlong.com\\\/product\\\/musique-classique-lors-dun-diner-avec-le-constantin-duisberg-duo\\\/#primaryimage\"},\"thumbnailUrl\":\"https:\\\/\\\/chateauvillarlong.com\\\/wp-content\\\/uploads\\\/2024\\\/04\\\/2.png\",\"datePublished\":\"2024-04-15T11:54:51+00:00\",\"dateModified\":\"2024-05-18T12:44:06+00:00\",\"breadcrumb\":{\"@id\":\"https:\\\/\\\/chateauvillarlong.com\\\/product\\\/musique-classique-lors-dun-diner-avec-le-constantin-duisberg-duo\\\/#breadcrumb\"},\"inLanguage\":\"fr-FR\",\"potentialAction\":[{\"@type\":\"ReadAction\",\"target\":[\"https:\\\/\\\/chateauvillarlong.com\\\/product\\\/musique-classique-lors-dun-diner-avec-le-constantin-duisberg-duo\\\/\"]}]},{\"@type\":\"ImageObject\",\"inLanguage\":\"fr-FR\",\"@id\":\"https:\\\/\\\/chateauvillarlong.com\\\/product\\\/musique-classique-lors-dun-diner-avec-le-constantin-duisberg-duo\\\/#primaryimage\",\"url\":\"https:\\\/\\\/chateauvillarlong.com\\\/wp-content\\\/uploads\\\/2024\\\/04\\\/2.png\",\"contentUrl\":\"https:\\\/\\\/chateauvillarlong.com\\\/wp-content\\\/uploads\\\/2024\\\/04\\\/2.png\",\"width\":1587,\"height\":2245},{\"@type\":\"BreadcrumbList\",\"@id\":\"https:\\\/\\\/chateauvillarlong.com\\\/product\\\/musique-classique-lors-dun-diner-avec-le-constantin-duisberg-duo\\\/#breadcrumb\",\"itemListElement\":[{\"@type\":\"ListItem\",\"position\":1,\"name\":\"Home\",\"item\":\"https:\\\/\\\/chateauvillarlong.com\\\/\"},{\"@type\":\"ListItem\",\"position\":2,\"name\":\"Shop\",\"item\":\"https:\\\/\\\/chateauvillarlong.com\\\/fr\\\/shop\\\/\"},{\"@type\":\"ListItem\",\"position\":3,\"name\":\"COMPLET &#8211; Musique classique lors d&#8217;un d\u00eener avec le Constantin Duisberg Duo.\"}]},{\"@type\":\"WebSite\",\"@id\":\"https:\\\/\\\/chateauvillarlong.com\\\/#website\",\"url\":\"https:\\\/\\\/chateauvillarlong.com\\\/\",\"name\":\"Ch\u00e2teau Villarlong - Majestic ch\u00e2teau in the south of France with 13 flats offering unique and enchanting charm\",\"description\":\"In Southern France, our 13 stylish holiday apartments provide a genuine sense of belonging, inviting guests to indulge in the magic of this exceptional destination.\",\"potentialAction\":[{\"@type\":\"SearchAction\",\"target\":{\"@type\":\"EntryPoint\",\"urlTemplate\":\"https:\\\/\\\/chateauvillarlong.com\\\/?s={search_term_string}\"},\"query-input\":{\"@type\":\"PropertyValueSpecification\",\"valueRequired\":true,\"valueName\":\"search_term_string\"}}],\"inLanguage\":\"fr-FR\"}]}<\/script>\n<!-- \/ Yoast SEO plugin. -->","yoast_head_json":{"title":"COMPLET - Musique classique lors d'un d\u00eener avec le Constantin Duisberg Duo. - Ch\u00e2teau Villarlong - Majestic ch\u00e2teau in the south of France with 13 flats offering unique and enchanting charm","robots":{"index":"index","follow":"follow","max-snippet":"max-snippet:-1","max-image-preview":"max-image-preview:large","max-video-preview":"max-video-preview:-1"},"canonical":"https:\/\/chateauvillarlong.com\/fr\/produit\/musique-classique-lors-dun-diner-avec-le-constantin-duisberg-duo\/","og_locale":"fr_FR","og_type":"article","og_title":"COMPLET - Musique classique lors d'un d\u00eener avec le Constantin Duisberg Duo. - Ch\u00e2teau Villarlong - Majestic ch\u00e2teau in the south of France with 13 flats offering unique and enchanting charm","og_description":"Venez nous rejoindre pour un beau repas accompagn\u00e9 par le duo Constantin Duisberg jouant du violoncelle et du violon.","og_url":"https:\/\/chateauvillarlong.com\/fr\/produit\/musique-classique-lors-dun-diner-avec-le-constantin-duisberg-duo\/","og_site_name":"Ch\u00e2teau Villarlong - Majestic ch\u00e2teau in the south of France with 13 flats offering unique and enchanting charm","article_modified_time":"2024-05-18T12:44:06+00:00","og_image":[{"width":1587,"height":2245,"url":"https:\/\/chateauvillarlong.com\/wp-content\/uploads\/2024\/04\/2.png","type":"image\/png"}],"twitter_card":"summary_large_image","twitter_misc":{"Dur\u00e9e de lecture estim\u00e9e":"1 minute"},"schema":{"@context":"https:\/\/schema.org","@graph":[{"@type":"WebPage","@id":"https:\/\/chateauvillarlong.com\/product\/musique-classique-lors-dun-diner-avec-le-constantin-duisberg-duo\/","url":"https:\/\/chateauvillarlong.com\/product\/musique-classique-lors-dun-diner-avec-le-constantin-duisberg-duo\/","name":"COMPLET - Musique classique lors d'un d\u00eener avec le Constantin Duisberg Duo. - Ch\u00e2teau Villarlong - Majestic ch\u00e2teau in the south of France with 13 flats offering unique and enchanting charm","isPartOf":{"@id":"https:\/\/chateauvillarlong.com\/#website"},"primaryImageOfPage":{"@id":"https:\/\/chateauvillarlong.com\/product\/musique-classique-lors-dun-diner-avec-le-constantin-duisberg-duo\/#primaryimage"},"image":{"@id":"https:\/\/chateauvillarlong.com\/product\/musique-classique-lors-dun-diner-avec-le-constantin-duisberg-duo\/#primaryimage"},"thumbnailUrl":"https:\/\/chateauvillarlong.com\/wp-content\/uploads\/2024\/04\/2.png","datePublished":"2024-04-15T11:54:51+00:00","dateModified":"2024-05-18T12:44:06+00:00","breadcrumb":{"@id":"https:\/\/chateauvillarlong.com\/product\/musique-classique-lors-dun-diner-avec-le-constantin-duisberg-duo\/#breadcrumb"},"inLanguage":"fr-FR","potentialAction":[{"@type":"ReadAction","target":["https:\/\/chateauvillarlong.com\/product\/musique-classique-lors-dun-diner-avec-le-constantin-duisberg-duo\/"]}]},{"@type":"ImageObject","inLanguage":"fr-FR","@id":"https:\/\/chateauvillarlong.com\/product\/musique-classique-lors-dun-diner-avec-le-constantin-duisberg-duo\/#primaryimage","url":"https:\/\/chateauvillarlong.com\/wp-content\/uploads\/2024\/04\/2.png","contentUrl":"https:\/\/chateauvillarlong.com\/wp-content\/uploads\/2024\/04\/2.png","width":1587,"height":2245},{"@type":"BreadcrumbList","@id":"https:\/\/chateauvillarlong.com\/product\/musique-classique-lors-dun-diner-avec-le-constantin-duisberg-duo\/#breadcrumb","itemListElement":[{"@type":"ListItem","position":1,"name":"Home","item":"https:\/\/chateauvillarlong.com\/"},{"@type":"ListItem","position":2,"name":"Shop","item":"https:\/\/chateauvillarlong.com\/fr\/shop\/"},{"@type":"ListItem","position":3,"name":"COMPLET &#8211; Musique classique lors d&#8217;un d\u00eener avec le Constantin Duisberg Duo."}]},{"@type":"WebSite","@id":"https:\/\/chateauvillarlong.com\/#website","url":"https:\/\/chateauvillarlong.com\/","name":"Ch\u00e2teau Villarlong - Majestic ch\u00e2teau in the south of France with 13 flats offering unique and enchanting charm","description":"In Southern France, our 13 stylish holiday apartments provide a genuine sense of belonging, inviting guests to indulge in the magic of this exceptional destination.","potentialAction":[{"@type":"SearchAction","target":{"@type":"EntryPoint","urlTemplate":"https:\/\/chateauvillarlong.com\/?s={search_term_string}"},"query-input":{"@type":"PropertyValueSpecification","valueRequired":true,"valueName":"search_term_string"}}],"inLanguage":"fr-FR"}]}},"_links":{"self":[{"href":"https:\/\/chateauvillarlong.com\/fr\/wp-json\/wp\/v2\/product\/2995","targetHints":{"allow":["GET"]}}],"collection":[{"href":"https:\/\/chateauvillarlong.com\/fr\/wp-json\/wp\/v2\/product"}],"about":[{"href":"https:\/\/chateauvillarlong.com\/fr\/wp-json\/wp\/v2\/types\/product"}],"replies":[{"embeddable":true,"href":"https:\/\/chateauvillarlong.com\/fr\/wp-json\/wp\/v2\/comments?post=2995"}],"wp:featuredmedia":[{"embeddable":true,"href":"https:\/\/chateauvillarlong.com\/fr\/wp-json\/wp\/v2\/media\/3005"}],"wp:attachment":[{"href":"https:\/\/chateauvillarlong.com\/fr\/wp-json\/wp\/v2\/media?parent=2995"}],"wp:term":[{"taxonomy":"product_brand","embeddable":true,"href":"https:\/\/chateauvillarlong.com\/fr\/wp-json\/wp\/v2\/product_brand?post=2995"},{"taxonomy":"product_cat","embeddable":true,"href":"https:\/\/chateauvillarlong.com\/fr\/wp-json\/wp\/v2\/product_cat?post=2995"},{"taxonomy":"product_tag","embeddable":true,"href":"https:\/\/chateauvillarlong.com\/fr\/wp-json\/wp\/v2\/product_tag?post=2995"}],"curies":[{"name":"wp","href":"https:\/\/api.w.org\/{rel}","templated":true}]}}